{"id":2767,"date":"2015-07-04T18:08:15","date_gmt":"2015-07-04T18:08:15","guid":{"rendered":"http:\/\/themes.webdevia.com\/bodyguard\/?page_id=2767"},"modified":"2022-11-27T17:25:07","modified_gmt":"2022-11-27T14:25:07","slug":"speaker-failure","status":"publish","type":"page","link":"http:\/\/mobilgeplus.com\/index.php\/services\/speaker-failure\/","title":{"rendered":"Hoparl\u00f6r Ar\u0131zas\u0131"},"content":{"rendered":"<p><img loading=\"lazy\" decoding=\"async\" class=\"alignnone wp-image-3446 size-medium\" src=\"http:\/\/mobilgeplus.com\/wp-content\/uploads\/2022\/11\/batarya-300x200.jpg\" alt=\"\" width=\"300\" height=\"200\" srcset=\"http:\/\/mobilgeplus.com\/wp-content\/uploads\/2022\/11\/batarya-300x200.jpg 300w, http:\/\/mobilgeplus.com\/wp-content\/uploads\/2022\/11\/batarya.jpg 600w\" sizes=\"auto, (max-width: 300px) 100vw, 300px\" \/><\/p>\n<h2><strong>Telefon Hoparl\u00f6r\u00fc Tamiri<\/strong><\/h2>\n<p>Telefon hoparl\u00f6r\u00fc farkl\u0131 sebeplerden bozulursa ilk olarak tamir edilmesi gerekir. Telefonun hoparl\u00f6r\u00fcn\u00fcn bozulma nedenine g\u00f6re telefon hoparl\u00f6r\u00fcn\u00fc ki\u015fi kendisi de tamir edebilir, telefoncu ya da yetkili teknik servis tamir edebilir. E\u011fer\u00a0<strong>hoparl\u00f6r\u00a0<\/strong>donan\u0131msal olarak zarar g\u00f6rmediyse telefonun par\u00e7alar\u0131n\u0131 a\u00e7arak evde hoparl\u00f6r\u00fcn\u00fcz\u00fc kendinizde temizleyebilirsiniz. Bunun i\u00e7in ilk olarak evde ekstra soft\/yumu\u015fak olan di\u015f f\u0131r\u00e7as\u0131 ile kapal\u0131 konumdaki telefonunuzu temizleyebilirsiniz. Ayr\u0131ca telefon hoparl\u00f6r\u00fcn\u00fcz su ald\u0131 ve \u0131sland\u0131 ise ilk olarak hoparl\u00f6r kurutulmal\u0131 ve telefon hemen teknik servise g\u00f6t\u00fcr\u00fclmelidir.<\/p>\n<p>Telefon teknik servislerinde uzman personel taraf\u0131ndan hoparl\u00f6rlerin ileti\u015fim kanal\u0131 olan soketin de\u011fi\u015fimi yap\u0131larak\u00a0<strong>hoparl\u00f6r tamir<\/strong>\u00a0edilir. Ayn\u0131 zamanda bir\u00e7ok firma siz yerinizden kalkmadan internet \u00fczerinden telefonunuzun sorununu, ileti\u015fim bilgilerini yazd\u0131\u011f\u0131n\u0131z zaman adresinizden telefonu al\u0131p, tamir etmekte ve adresinize teslim etmektedir.<\/p>\n<p><strong>Telefon hoparl\u00f6r\u00fc tamir<\/strong>\u00a0edilirken en \u00f6nemli nokta kaliteli hoparl\u00f6r\u00fcn kullan\u0131lmas\u0131d\u0131r. E\u011fer tamirde orijinal ya da a standart \u00fcr\u00fcn kullan\u0131lmazsa ayn\u0131 s\u0131k\u0131nt\u0131 tekrar ya\u015fanabilir. Ayn\u0131 zamanda sadece hoparl\u00f6r i\u00e7in de\u011fil, telefon tamirinde kullan\u0131lan t\u00fcm yedek par\u00e7alar\u0131n orijinal yedek par\u00e7a ya da a standart olmas\u0131na \u00f6zen g\u00f6sterilmelidir. Kullan\u0131lan par\u00e7alar kaliteli oldu\u011fu zaman telefonun kullan\u0131m \u00f6mr\u00fcn\u00fc de uzatmaktad\u0131r.<\/p>\n","protected":false},"excerpt":{"rendered":"<p>Telefon Hoparl\u00f6r\u00fc Tamiri Telefon hoparl\u00f6r\u00fc farkl\u0131 sebeplerden bozulursa ilk olarak tamir edilmesi gerekir. Telefonun hoparl\u00f6r\u00fcn\u00fcn bozulma nedenine g\u00f6re telefon hoparl\u00f6r\u00fcn\u00fc ki\u015fi kendisi de tamir edebilir, telefoncu ya da yetkili teknik servis tamir edebilir. E\u011fer\u00a0hoparl\u00f6r\u00a0donan\u0131msal olarak zarar g\u00f6rmediyse telefonun par\u00e7alar\u0131n\u0131 a\u00e7arak evde hoparl\u00f6r\u00fcn\u00fcz\u00fc kendinizde temizleyebilirsiniz. Bunun i\u00e7in ilk olarak evde ekstra soft\/yumu\u015fak olan di\u015f f\u0131r\u00e7as\u0131 ile [&hellip;]<\/p>\n","protected":false},"author":1,"featured_media":0,"parent":2764,"menu_order":0,"comment_status":"closed","ping_status":"closed","template":"page-template\/left-sidebar.php","meta":{"footnotes":""},"class_list":["post-2767","page","type-page","status-publish","hentry"],"_links":{"self":[{"href":"http:\/\/mobilgeplus.com\/index.php\/wp-json\/wp\/v2\/pages\/2767","targetHints":{"allow":["GET"]}}],"collection":[{"href":"http:\/\/mobilgeplus.com\/index.php\/wp-json\/wp\/v2\/pages"}],"about":[{"href":"http:\/\/mobilgeplus.com\/index.php\/wp-json\/wp\/v2\/types\/page"}],"author":[{"embeddable":true,"href":"http:\/\/mobilgeplus.com\/index.php\/wp-json\/wp\/v2\/users\/1"}],"replies":[{"embeddable":true,"href":"http:\/\/mobilgeplus.com\/index.php\/wp-json\/wp\/v2\/comments?post=2767"}],"version-history":[{"count":3,"href":"http:\/\/mobilgeplus.com\/index.php\/wp-json\/wp\/v2\/pages\/2767\/revisions"}],"predecessor-version":[{"id":3448,"href":"http:\/\/mobilgeplus.com\/index.php\/wp-json\/wp\/v2\/pages\/2767\/revisions\/3448"}],"up":[{"embeddable":true,"href":"http:\/\/mobilgeplus.com\/index.php\/wp-json\/wp\/v2\/pages\/2764"}],"wp:attachment":[{"href":"http:\/\/mobilgeplus.com\/index.php\/wp-json\/wp\/v2\/media?parent=2767"}],"curies":[{"name":"wp","href":"https:\/\/api.w.org\/{rel}","templated":true}]}}